{"id":282,"date":"2018-01-29T23:37:36","date_gmt":"2018-01-29T23:37:36","guid":{"rendered":"http:\/\/dkgaragedoor.com\/?page_id=282"},"modified":"2025-08-27T02:00:01","modified_gmt":"2025-08-27T06:00:01","slug":"vente-installation","status":"publish","type":"page","link":"https:\/\/dkgaragedoor.com\/fr\/vente-installation\/","title":{"rendered":"Vente &#038; Installation"},"content":{"rendered":"\n[et_pb_section fb_built=\u00a0\u00bb1&Prime; custom_padding=\u00a0\u00bb53px|0px|0px|0px\u00a0\u00bb _builder_version=\u00a0\u00bb3.0.47&Prime;][et_pb_row _builder_version=\u00a0\u00bb3.0.64&Prime; background_size=\u00a0\u00bbinitial\u00a0\u00bb background_position=\u00a0\u00bbtop_left\u00a0\u00bb background_repeat=\u00a0\u00bbrepeat\u00a0\u00bb][et_pb_column type=\u00a0\u00bb4_4&Prime; _builder_version=\u00a0\u00bb3.0.64&Prime; parallax=\u00a0\u00bboff\u00a0\u00bb parallax_method=\u00a0\u00bbon\u00a0\u00bb][et_pb_text text_orientation=\u00a0\u00bbcenter\u00a0\u00bb _builder_version=\u00a0\u00bb3.0.64&Prime; text_font_size=\u00a0\u00bb60px\u00a0\u00bb text_font_size_phone=\u00a0\u00bb37px\u00a0\u00bb text_font_size_last_edited=\u00a0\u00bbon|phone\u00a0\u00bb]<p>Vente &#038; Installation<\/p>[\/et_pb_text][\/et_pb_column][\/et_pb_row][et_pb_row custom_padding=\u00a0\u00bb43px|0px|0px|0px\u00a0\u00bb _builder_version=\u00a0\u00bb3.0.64&Prime;][et_pb_column type=\u00a0\u00bb1_2&Prime; _builder_version=\u00a0\u00bb3.0.64&Prime; parallax=\u00a0\u00bboff\u00a0\u00bb parallax_method=\u00a0\u00bbon\u00a0\u00bb][et_pb_image src=\u00a0\u00bbhttps:\/\/dkgaragedoor.com\/wp-content\/uploads\/2018\/01\/2862678_original.jpg\u00a0\u00bb _builder_version=\u00a0\u00bb3.0.64&Prime;][\/et_pb_image][\/et_pb_column][et_pb_column type=\u00a0\u00bb1_2&Prime; _builder_version=\u00a0\u00bb3.0.64&Prime; parallax=\u00a0\u00bboff\u00a0\u00bb parallax_method=\u00a0\u00bbon\u00a0\u00bb][et_pb_text _builder_version=\u00a0\u00bb3.0.64&Prime; text_font_size=\u00a0\u00bb19px\u00a0\u00bb]<div id=\"pg-171-0\" class=\"panel-grid panel-no-style\">\n<div id=\"pgc-171-0-0\" class=\"panel-grid-cell\">\n<div id=\"panel-171-0-0-0\" class=\"so-panel widget widget_black-studio-tinymce widget_black_studio_tinymce panel-first-child panel-last-child\" data-index=\"0\">\n<div class=\"textwidget\">\n<div class=\"entry-content\">\n<div id=\"pl-73\" class=\"panel-layout\">\n<div id=\"pg-73-0\" class=\"panel-grid panel-no-style\">\n<div id=\"pgc-73-0-1\" class=\"panel-grid-cell\">\n<div id=\"panel-73-0-1-0\" class=\"so-panel widget widget_black-studio-tinymce widget_black_studio_tinymce panel-first-child panel-last-child\" data-index=\"1\">\n<div class=\"textwidget\">\n<p>Les membres de l&rsquo;&eacute;quipe DK Garage Doors sont form&eacute;s pour fournir un service rapide et de qualit&eacute; lors de l&rsquo;installation de votre porte de garage. Nous nous assurerons de vous fournir tous les d&eacute;tails n&eacute;cessaires afin que vous sachiez exactement quelle porte de garage choisir et quel ouvre-porte de garage. La porte de garage joue un r&ocirc;le &eacute;norme dans l&rsquo;apparence de votre maison, et elle la prot&egrave;ge &eacute;galement.<\/p>\n<p>Nous nous assurerons de vous offrir le meilleur prix possible avec une installation rapide et de qualit&eacute;, afin que vous ayez une exp&eacute;rience agr&eacute;able avec nous et que vous profitiez de votre porte de garage.<\/p>\n<\/div>\n<\/div>\n<\/div>\n<\/div>\n<\/div>\n<\/div>\n<p>&nbsp;<\/p>\n<p>&nbsp;<\/p>\n<\/div>\n<\/div>\n<\/div>\n<\/div>[\/et_pb_text][\/et_pb_column][\/et_pb_row][et_pb_row custom_padding=\u00a0\u00bb0px|0px|30px|0px\u00a0\u00bb _builder_version=\u00a0\u00bb3.0.64&Prime;][et_pb_column type=\u00a0\u00bb1_2&Prime; _builder_version=\u00a0\u00bb3.0.64&Prime; parallax=\u00a0\u00bboff\u00a0\u00bb parallax_method=\u00a0\u00bbon\u00a0\u00bb][et_pb_text _builder_version=\u00a0\u00bb3.0.64&Prime; text_font_size=\u00a0\u00bb19px\u00a0\u00bb]<div id=\"pg-171-0\" class=\"panel-grid panel-no-style\">\n<div id=\"pgc-171-0-0\" class=\"panel-grid-cell\">\n<div id=\"panel-171-0-0-0\" class=\"so-panel widget widget_black-studio-tinymce widget_black_studio_tinymce panel-first-child panel-last-child\" data-index=\"0\">\n<div class=\"textwidget\">\n<div class=\"entry-content\">\n<div id=\"pl-73\" class=\"panel-layout\">\n<div id=\"pg-73-0\" class=\"panel-grid panel-no-style\">\n<div id=\"pgc-73-0-1\" class=\"panel-grid-cell\">\n<div id=\"panel-73-0-1-0\" class=\"so-panel widget widget_black-studio-tinymce widget_black_studio_tinymce panel-first-child panel-last-child\" data-index=\"1\">\n<div class=\"textwidget\"><\/div>\n<div class=\"textwidget\"><\/div>\n<div class=\"textwidget\">\n<p>&nbsp;<\/p>\n<p>Les membres de notre &eacute;quipe poss&egrave;dent les comp&eacute;tences n&eacute;cessaires pour installer correctement et en toute s&eacute;curit&eacute; votre porte de garage et vous expliqueront toutes les informations sur l&rsquo;utilisation et l&rsquo;entretien appropri&eacute;s, afin que votre porte de garage fonctionne correctement pour longtemps sans notre intervention.<\/p>\n<p>N&rsquo;h&eacute;sitez pas &agrave; contacter notre &eacute;quipe d&rsquo;installation de portes de garage &agrave; Montr&eacute;al si vous avez des questions sur votre porte de garage actuelle ou future.<\/p>\n<\/div>\n<\/div>\n<\/div>\n<\/div>\n<\/div>\n<\/div>\n<\/div>\n<\/div>\n<\/div>\n<\/div>[\/et_pb_text][\/et_pb_column][et_pb_column type=\u00a0\u00bb1_2&Prime; _builder_version=\u00a0\u00bb3.0.64&Prime; parallax=\u00a0\u00bboff\u00a0\u00bb parallax_method=\u00a0\u00bbon\u00a0\u00bb][et_pb_image src=\u00a0\u00bbhttps:\/\/dkgaragedoor.com\/wp-content\/uploads\/2018\/01\/phonix-garage-doors.jpg\u00a0\u00bb _builder_version=\u00a0\u00bb3.0.64&Prime; custom_margin=\u00a0\u00bb30px|||\u00a0\u00bb][\/et_pb_image][\/et_pb_column][\/et_pb_row][\/et_pb_section]\n","protected":false},"excerpt":{"rendered":"<p>Vente &#038; Installation Les membres de l&rsquo;&eacute;quipe DK Garage Doors sont form&eacute;s pour fournir un service rapide et de qualit&eacute; lors de l&rsquo;installation de votre porte de garage. Nous nous assurerons de vous fournir tous les d&eacute;tails n&eacute;cessaires afin que vous sachiez exactement quelle porte de garage choisir et quel ouvre-porte de garage. La porte [&hellip;]<\/p>\n","protected":false},"author":3,"featured_media":0,"parent":0,"menu_order":0,"comment_status":"closed","ping_status":"closed","template":"","meta":{"_et_pb_use_builder":"on","_et_pb_old_content":"","_et_gb_content_width":"","footnotes":""},"class_list":["post-282","page","type-page","status-publish","hentry"],"yoast_head":"<!-- This site is optimized with the Yoast SEO plugin v27.5 - https:\/\/yoast.com\/product\/yoast-seo-wordpress\/ -->\n<title>Vente &amp; Installation Porte de Garage Montr\u00e9al<\/title>\n<meta name=\"description\" content=\"Achat et installation professionnelle de portes de garage. Options isol\u00e9es et personnalis\u00e9es. Service rapide \u00e0 Montr\u00e9al.\" \/>\n<meta name=\"robots\" content=\"index, follow, max-snippet:-1, max-image-preview:large, max-video-preview:-1\" \/>\n<link rel=\"canonical\" href=\"https:\/\/dkgaragedoor.com\/fr\/vente-installation\/\" \/>\n<meta property=\"og:locale\" content=\"fr_FR\" \/>\n<meta property=\"og:type\" content=\"article\" \/>\n<meta property=\"og:title\" content=\"Vente &amp; Installation Porte de Garage Montr\u00e9al\" \/>\n<meta property=\"og:description\" content=\"Achat et installation professionnelle de portes de garage. Options isol\u00e9es et personnalis\u00e9es. Service rapide \u00e0 Montr\u00e9al.\" \/>\n<meta property=\"og:url\" content=\"https:\/\/dkgaragedoor.com\/fr\/vente-installation\/\" \/>\n<meta property=\"og:site_name\" content=\"DK Garage Doors | Portes de Garage\" \/>\n<meta property=\"article:modified_time\" content=\"2025-08-27T06:00:01+00:00\" \/>\n<meta name=\"twitter:card\" content=\"summary_large_image\" \/>\n<meta name=\"twitter:label1\" content=\"Dur\u00e9e de lecture estim\u00e9e\" \/>\n\t<meta name=\"twitter:data1\" content=\"2 minutes\" \/>\n<script type=\"application\/ld+json\" class=\"yoast-schema-graph\">{\"@context\":\"https:\\\/\\\/schema.org\",\"@graph\":[{\"@type\":\"WebPage\",\"@id\":\"https:\\\/\\\/dkgaragedoor.com\\\/fr\\\/vente-installation\\\/\",\"url\":\"https:\\\/\\\/dkgaragedoor.com\\\/fr\\\/vente-installation\\\/\",\"name\":\"Vente & Installation Porte de Garage Montr\u00e9al\",\"isPartOf\":{\"@id\":\"https:\\\/\\\/dkgaragedoor.com\\\/fr\\\/#website\"},\"datePublished\":\"2018-01-29T23:37:36+00:00\",\"dateModified\":\"2025-08-27T06:00:01+00:00\",\"description\":\"Achat et installation professionnelle de portes de garage. Options isol\u00e9es et personnalis\u00e9es. Service rapide \u00e0 Montr\u00e9al.\",\"breadcrumb\":{\"@id\":\"https:\\\/\\\/dkgaragedoor.com\\\/fr\\\/vente-installation\\\/#breadcrumb\"},\"inLanguage\":\"fr-FR\",\"potentialAction\":[{\"@type\":\"ReadAction\",\"target\":[\"https:\\\/\\\/dkgaragedoor.com\\\/fr\\\/vente-installation\\\/\"]}]},{\"@type\":\"BreadcrumbList\",\"@id\":\"https:\\\/\\\/dkgaragedoor.com\\\/fr\\\/vente-installation\\\/#breadcrumb\",\"itemListElement\":[{\"@type\":\"ListItem\",\"position\":1,\"name\":\"Home\",\"item\":\"https:\\\/\\\/dkgaragedoor.com\\\/fr\\\/\"},{\"@type\":\"ListItem\",\"position\":2,\"name\":\"Vente &#038; Installation\"}]},{\"@type\":\"WebSite\",\"@id\":\"https:\\\/\\\/dkgaragedoor.com\\\/fr\\\/#website\",\"url\":\"https:\\\/\\\/dkgaragedoor.com\\\/fr\\\/\",\"name\":\"DK Garage Doors | Portes de Garage\",\"description\":\"(514) 700-0282 | Garage Door Openers - Garage Repair Montreal\",\"potentialAction\":[{\"@type\":\"SearchAction\",\"target\":{\"@type\":\"EntryPoint\",\"urlTemplate\":\"https:\\\/\\\/dkgaragedoor.com\\\/fr\\\/?s={search_term_string}\"},\"query-input\":{\"@type\":\"PropertyValueSpecification\",\"valueRequired\":true,\"valueName\":\"search_term_string\"}}],\"inLanguage\":\"fr-FR\"}]}<\/script>\n<!-- \/ Yoast SEO plugin. -->","yoast_head_json":{"title":"Vente & Installation Porte de Garage Montr\u00e9al","description":"Achat et installation professionnelle de portes de garage. Options isol\u00e9es et personnalis\u00e9es. Service rapide \u00e0 Montr\u00e9al.","robots":{"index":"index","follow":"follow","max-snippet":"max-snippet:-1","max-image-preview":"max-image-preview:large","max-video-preview":"max-video-preview:-1"},"canonical":"https:\/\/dkgaragedoor.com\/fr\/vente-installation\/","og_locale":"fr_FR","og_type":"article","og_title":"Vente & Installation Porte de Garage Montr\u00e9al","og_description":"Achat et installation professionnelle de portes de garage. Options isol\u00e9es et personnalis\u00e9es. Service rapide \u00e0 Montr\u00e9al.","og_url":"https:\/\/dkgaragedoor.com\/fr\/vente-installation\/","og_site_name":"DK Garage Doors | Portes de Garage","article_modified_time":"2025-08-27T06:00:01+00:00","twitter_card":"summary_large_image","twitter_misc":{"Dur\u00e9e de lecture estim\u00e9e":"2 minutes"},"schema":{"@context":"https:\/\/schema.org","@graph":[{"@type":"WebPage","@id":"https:\/\/dkgaragedoor.com\/fr\/vente-installation\/","url":"https:\/\/dkgaragedoor.com\/fr\/vente-installation\/","name":"Vente & Installation Porte de Garage Montr\u00e9al","isPartOf":{"@id":"https:\/\/dkgaragedoor.com\/fr\/#website"},"datePublished":"2018-01-29T23:37:36+00:00","dateModified":"2025-08-27T06:00:01+00:00","description":"Achat et installation professionnelle de portes de garage. Options isol\u00e9es et personnalis\u00e9es. Service rapide \u00e0 Montr\u00e9al.","breadcrumb":{"@id":"https:\/\/dkgaragedoor.com\/fr\/vente-installation\/#breadcrumb"},"inLanguage":"fr-FR","potentialAction":[{"@type":"ReadAction","target":["https:\/\/dkgaragedoor.com\/fr\/vente-installation\/"]}]},{"@type":"BreadcrumbList","@id":"https:\/\/dkgaragedoor.com\/fr\/vente-installation\/#breadcrumb","itemListElement":[{"@type":"ListItem","position":1,"name":"Home","item":"https:\/\/dkgaragedoor.com\/fr\/"},{"@type":"ListItem","position":2,"name":"Vente &#038; Installation"}]},{"@type":"WebSite","@id":"https:\/\/dkgaragedoor.com\/fr\/#website","url":"https:\/\/dkgaragedoor.com\/fr\/","name":"DK Garage Doors | Portes de Garage","description":"(514) 700-0282 | Garage Door Openers - Garage Repair Montreal","potentialAction":[{"@type":"SearchAction","target":{"@type":"EntryPoint","urlTemplate":"https:\/\/dkgaragedoor.com\/fr\/?s={search_term_string}"},"query-input":{"@type":"PropertyValueSpecification","valueRequired":true,"valueName":"search_term_string"}}],"inLanguage":"fr-FR"}]}},"_links":{"self":[{"href":"https:\/\/dkgaragedoor.com\/fr\/wp-json\/wp\/v2\/pages\/282","targetHints":{"allow":["GET"]}}],"collection":[{"href":"https:\/\/dkgaragedoor.com\/fr\/wp-json\/wp\/v2\/pages"}],"about":[{"href":"https:\/\/dkgaragedoor.com\/fr\/wp-json\/wp\/v2\/types\/page"}],"author":[{"embeddable":true,"href":"https:\/\/dkgaragedoor.com\/fr\/wp-json\/wp\/v2\/users\/3"}],"replies":[{"embeddable":true,"href":"https:\/\/dkgaragedoor.com\/fr\/wp-json\/wp\/v2\/comments?post=282"}],"version-history":[{"count":7,"href":"https:\/\/dkgaragedoor.com\/fr\/wp-json\/wp\/v2\/pages\/282\/revisions"}],"predecessor-version":[{"id":1159,"href":"https:\/\/dkgaragedoor.com\/fr\/wp-json\/wp\/v2\/pages\/282\/revisions\/1159"}],"wp:attachment":[{"href":"https:\/\/dkgaragedoor.com\/fr\/wp-json\/wp\/v2\/media?parent=282"}],"curies":[{"name":"wp","href":"https:\/\/api.w.org\/{rel}","templated":true}]}}