{"id":281,"date":"2018-01-29T23:31:14","date_gmt":"2018-01-29T23:31:14","guid":{"rendered":"http:\/\/dkgaragedoor.com\/?page_id=281"},"modified":"2026-05-03T19:59:46","modified_gmt":"2026-05-03T23:59:46","slug":"pieces-detachees-accessoires","status":"publish","type":"page","link":"https:\/\/dkgaragedoor.com\/fr\/pieces-detachees-accessoires\/","title":{"rendered":"Pi\u00e8ces et accessoires de portes de garage"},"content":{"rendered":"<p>[et_pb_section fb_built=\u00a0\u00bb1&Prime; _builder_version=\u00a0\u00bb3.0.47&Prime;][et_pb_row _builder_version=\u00a0\u00bb3.0.64&Prime; background_size=\u00a0\u00bbinitial\u00a0\u00bb background_position=\u00a0\u00bbtop_left\u00a0\u00bb background_repeat=\u00a0\u00bbrepeat\u00a0\u00bb][et_pb_column type=\u00a0\u00bb4_4&Prime; _builder_version=\u00a0\u00bb3.0.64&Prime; parallax=\u00a0\u00bboff\u00a0\u00bb parallax_method=\u00a0\u00bbon\u00a0\u00bb][et_pb_text text_orientation=\u00a0\u00bbcenter\u00a0\u00bb _builder_version=\u00a0\u00bb3.0.64&Prime; text_font_size=\u00a0\u00bb60px\u00a0\u00bb text_font_size_phone=\u00a0\u00bb30px\u00a0\u00bb text_font_size_last_edited=\u00a0\u00bbon|phone\u00a0\u00bb]<\/p>\n<p>Pieces Detachees &#038; Accessoires<\/p>\n<p>[\/et_pb_text][\/et_pb_column][\/et_pb_row][et_pb_row custom_padding=\u00a0\u00bb0px|0px|0px|0px\u00a0\u00bb _builder_version=\u00a0\u00bb3.0.64&Prime;][et_pb_column type=\u00a0\u00bb1_3&Prime; _builder_version=\u00a0\u00bb3.0.64&Prime; parallax=\u00a0\u00bboff\u00a0\u00bb parallax_method=\u00a0\u00bbon\u00a0\u00bb][et_pb_text _builder_version=\u00a0\u00bb3.0.64&Prime; text_font_size=\u00a0\u00bb19px\u00a0\u00bb]<\/p>\n<div id=\"pg-171-0\" class=\"panel-grid panel-no-style\">\n<div id=\"pgc-171-0-0\" class=\"panel-grid-cell\">\n<div id=\"panel-171-0-0-0\" class=\"so-panel widget widget_black-studio-tinymce widget_black_studio_tinymce panel-first-child panel-last-child\" data-index=\"0\">\n<div class=\"textwidget\">\n<p><span style=\"color: #e02b20;\">&nbsp;<\/span><\/p>\n<div id=\"pgc-87-2-0\" class=\"panel-grid-cell\">\n<div id=\"panel-87-2-0-0\" class=\"so-panel widget widget_black-studio-tinymce widget_black_studio_tinymce panel-first-child panel-last-child\" data-index=\"8\">\n<div class=\"textwidget\">\n<div id=\"pgc-2744-2-0\" class=\"panel-grid-cell\">\n<div id=\"panel-2744-2-0-0\" class=\"so-panel widget widget_black-studio-tinymce widget_black_studio_tinymce panel-first-child panel-last-child\" data-index=\"8\">\n<div class=\"textwidget\">\n<p>La porte de garage est un m&eacute;canisme tr&egrave;s complexe qui n&eacute;cessite des pi&egrave;ces et des accessoires appropri&eacute;s pour qu&rsquo;il fonctionne correctement tout le temps. Il peut arriver que certaines pi&egrave;ces puissent se casser et vous devez agir imm&eacute;diatement d&egrave;s que le probl&egrave;me appara&icirc;t. Notre &eacute;quipe de support de portes de garage DK peut remplacer les pi&egrave;ces cass&eacute;es, afin de ne pas endommager le reste de la porte de garage.<\/p>\n<p>Nous avons tout ce dont vous avez besoin dans notre inventaire, et en cas d&rsquo;urgence il suffit de nous appeler.<\/p>\n<\/div>\n<\/div>\n<\/div>\n<\/div>\n<\/div>\n<\/div>\n<\/div>\n<\/div>\n<\/div>\n<\/div>\n<p>[\/et_pb_text][\/et_pb_column][et_pb_column type=\u00a0\u00bb1_3&Prime; _builder_version=\u00a0\u00bb3.0.64&Prime; parallax=\u00a0\u00bboff\u00a0\u00bb parallax_method=\u00a0\u00bbon\u00a0\u00bb][et_pb_text _builder_version=\u00a0\u00bb3.0.64&Prime; text_font_size=\u00a0\u00bb19px\u00a0\u00bb]<\/p>\n<div id=\"pg-171-0\" class=\"panel-grid panel-no-style\">\n<div id=\"pgc-171-0-0\" class=\"panel-grid-cell\">\n<div id=\"panel-171-0-0-0\" class=\"so-panel widget widget_black-studio-tinymce widget_black_studio_tinymce panel-first-child panel-last-child\" data-index=\"0\">\n<div class=\"textwidget\">\n<p style=\"text-align: left;\"><span style=\"color: #e02b20;\">&nbsp;<\/span><\/p>\n<div id=\"pgc-87-2-0\" class=\"panel-grid-cell\">\n<div id=\"panel-87-2-0-0\" class=\"so-panel widget widget_black-studio-tinymce widget_black_studio_tinymce panel-first-child panel-last-child\" data-index=\"8\">\n<div class=\"textwidget\">\n<div id=\"pgc-87-2-1\" class=\"panel-grid-cell\">\n<div id=\"panel-87-2-1-0\" class=\"so-panel widget widget_black-studio-tinymce widget_black_studio_tinymce panel-first-child panel-last-child\" data-index=\"9\">\n<div class=\"textwidget\">\n<div id=\"pgc-2744-2-1\" class=\"panel-grid-cell\">\n<div id=\"panel-2744-2-1-0\" class=\"so-panel widget widget_black-studio-tinymce widget_black_studio_tinymce panel-first-child panel-last-child\" data-index=\"9\">\n<div class=\"textwidget\">\n<p>Nous avons dans notre inventaire diff&eacute;rentes pi&egrave;ces et accessoires, tels que:<\/p>\n<ul>\n<li>Roulettes en acier<\/li>\n<li>Charni&egrave;res<\/li>\n<li>Panneaux<\/li>\n<li>Touret de c&acirc;ble<\/li>\n<li>Isolateur<\/li>\n<li>Isolation<\/li>\n<li>Capteurs de s&eacute;curit&eacute;<\/li>\n<li>Ouvreur<\/li>\n<\/ul>\n<p>Et plus<\/p>\n<\/div>\n<\/div>\n<\/div>\n<\/div>\n<\/div>\n<\/div>\n<\/div>\n<\/div>\n<\/div>\n<\/div>\n<\/div>\n<\/div>\n<\/div>\n<p>[\/et_pb_text][\/et_pb_column][et_pb_column type=\u00a0\u00bb1_3&Prime; _builder_version=\u00a0\u00bb3.0.64&Prime; parallax=\u00a0\u00bboff\u00a0\u00bb parallax_method=\u00a0\u00bbon\u00a0\u00bb][et_pb_text _builder_version=\u00a0\u00bb3.0.64&Prime; text_font_size=\u00a0\u00bb19px\u00a0\u00bb]<\/p>\n<div id=\"pg-171-0\" class=\"panel-grid panel-no-style\">\n<div id=\"pgc-171-0-0\" class=\"panel-grid-cell\">\n<div id=\"panel-171-0-0-0\" class=\"so-panel widget widget_black-studio-tinymce widget_black_studio_tinymce panel-first-child panel-last-child\" data-index=\"0\">\n<div class=\"textwidget\">\n<p><span style=\"color: #e02b20;\">&nbsp;<\/span><\/p>\n<div id=\"pgc-87-2-0\" class=\"panel-grid-cell\">\n<div id=\"panel-87-2-0-0\" class=\"so-panel widget widget_black-studio-tinymce widget_black_studio_tinymce panel-first-child panel-last-child\" data-index=\"8\">\n<div class=\"textwidget\">\n<div id=\"pgc-87-2-2\" class=\"panel-grid-cell\">\n<div id=\"panel-87-2-2-0\" class=\"so-panel widget widget_black-studio-tinymce widget_black_studio_tinymce panel-first-child panel-last-child\" data-index=\"10\">\n<div class=\"textwidget\">\n<div id=\"pgc-2744-2-2\" class=\"panel-grid-cell\">\n<div id=\"panel-2744-2-2-0\" class=\"so-panel widget widget_black-studio-tinymce widget_black_studio_tinymce panel-first-child panel-last-child\" data-index=\"10\">\n<div class=\"textwidget\">\n<p>Si votre porte de garage &agrave; Montr&eacute;al ne fonctionne pas correctement ou &eacute;choue tout le temps, n&rsquo;attendez pas que cela empire, cela pourrait vous co&ucirc;ter plus cher &agrave; long terme. Nos membres de l&rsquo;&eacute;quipe professionnelle sont toujours pr&ecirc;ts &agrave; venir et faire le bon travail pour vous de sorte que votre porte de garage ne vous d&eacute;range plus, si vous continuez &agrave; l&rsquo;utiliser de la bonne fa&ccedil;on.<\/p>\n<p>Appelez-nous si vous avez des questions ou vous avez besoin d&rsquo;une nouvelle porte de garage pour votre maison &agrave; Montr&eacute;al.<\/p>\n<\/div>\n<\/div>\n<\/div>\n<\/div>\n<\/div>\n<\/div>\n<\/div>\n<\/div>\n<\/div>\n<\/div>\n<\/div>\n<\/div>\n<\/div>\n<p>[\/et_pb_text][\/et_pb_column][\/et_pb_row][et_pb_row custom_padding=\u00a0\u00bb37px|0px|28px|0px\u00a0\u00bb _builder_version=\u00a0\u00bb3.0.64&Prime;][et_pb_column type=\u00a0\u00bb1_4&Prime; _builder_version=\u00a0\u00bb3.0.64&Prime; parallax=\u00a0\u00bboff\u00a0\u00bb parallax_method=\u00a0\u00bbon\u00a0\u00bb][et_pb_image src=\u00a0\u00bbhttps:\/\/dkgaragedoor.com\/wp-content\/uploads\/2018\/01\/hinges-1024&#215;575.jpg\u00a0\u00bb _builder_version=\u00a0\u00bb3.0.64&Prime;][\/et_pb_image][et_pb_text _builder_version=\u00a0\u00bb3.0.64&Prime;]<\/p>\n<h3 style=\"text-align: center;\">Charni\u00e8res de porte de garage<\/h3>\n<h3 style=\"text-align: center;\"><strong>\u00a0<\/strong><\/h3>\n<p>[\/et_pb_text][\/et_pb_column][et_pb_column type=\u00a0\u00bb1_4&Prime; _builder_version=\u00a0\u00bb3.0.64&Prime; parallax=\u00a0\u00bboff\u00a0\u00bb parallax_method=\u00a0\u00bbon\u00a0\u00bb][et_pb_image src=\u00a0\u00bbhttps:\/\/dkgaragedoor.com\/wp-content\/uploads\/2018\/01\/Garage-Door-Lock-Kit-1024&#215;575.jpg\u00a0\u00bb _builder_version=\u00a0\u00bb3.0.64&Prime;][\/et_pb_image][et_pb_text _builder_version=\u00a0\u00bb3.0.64&Prime;]<\/p>\n<h3 style=\"text-align: center;\">Serrure en T pour porte de garage<\/h3>\n<p>[\/et_pb_text][\/et_pb_column][et_pb_column type=\u00a0\u00bb1_4&Prime; _builder_version=\u00a0\u00bb3.0.64&Prime; parallax=\u00a0\u00bboff\u00a0\u00bb parallax_method=\u00a0\u00bbon\u00a0\u00bb][et_pb_image src=\u00a0\u00bbhttps:\/\/dkgaragedoor.com\/wp-content\/uploads\/2018\/01\/DoorRollers-1024&#215;575.jpg\u00a0\u00bb _builder_version=\u00a0\u00bb3.0.64&Prime;][\/et_pb_image][et_pb_text _builder_version=\u00a0\u00bb3.0.64&Prime;]<\/p>\n<h3 style=\"text-align: center;\">Roulettes en acier Pour porte de garage<\/h3>\n<p>[\/et_pb_text][\/et_pb_column][et_pb_column type=\u00a0\u00bb1_4&Prime; _builder_version=\u00a0\u00bb3.0.64&Prime; parallax=\u00a0\u00bboff\u00a0\u00bb parallax_method=\u00a0\u00bbon\u00a0\u00bb][et_pb_image src=\u00a0\u00bbhttps:\/\/dkgaragedoor.com\/wp-content\/uploads\/2018\/01\/remote1-1024&#215;575.jpg\u00a0\u00bb _builder_version=\u00a0\u00bb3.0.64&Prime;][\/et_pb_image][et_pb_text _builder_version=\u00a0\u00bb3.0.64&Prime;]<\/p>\n<h3 style=\"text-align: center;\">T\u00e9l\u00e9commandes<\/h3>\n<p>[\/et_pb_text][\/et_pb_column][\/et_pb_row][et_pb_row custom_padding=\u00a0\u00bb0px|0px|26px|0px\u00a0\u00bb _builder_version=\u00a0\u00bb3.0.64&Prime;][et_pb_column type=\u00a0\u00bb1_4&Prime; _builder_version=\u00a0\u00bb3.0.64&Prime; parallax=\u00a0\u00bboff\u00a0\u00bb parallax_method=\u00a0\u00bbon\u00a0\u00bb][et_pb_image src=\u00a0\u00bbhttps:\/\/dkgaragedoor.com\/wp-content\/uploads\/2018\/01\/Smart-control-panel-1024&#215;575.jpg\u00a0\u00bb _builder_version=\u00a0\u00bb3.0.64&Prime;][\/et_pb_image][et_pb_text _builder_version=\u00a0\u00bb3.0.64&Prime;]<\/p>\n<h3 style=\"text-align: center;\">Panneau de commande sans fil<\/h3>\n<p>[\/et_pb_text][\/et_pb_column][et_pb_column type=\u00a0\u00bb1_4&Prime; _builder_version=\u00a0\u00bb3.0.64&Prime; parallax=\u00a0\u00bboff\u00a0\u00bb parallax_method=\u00a0\u00bbon\u00a0\u00bb][et_pb_image src=\u00a0\u00bbhttps:\/\/dkgaragedoor.com\/wp-content\/uploads\/2018\/01\/weatherstrip-1024&#215;575.jpg\u00a0\u00bb _builder_version=\u00a0\u00bb3.0.64&Prime;][\/et_pb_image][et_pb_text _builder_version=\u00a0\u00bb3.0.64&Prime;]<\/p>\n<h3 style=\"text-align: center;\">Coupe-brise<\/h3>\n<p>[\/et_pb_text][\/et_pb_column][et_pb_column type=\u00a0\u00bb1_4&Prime; _builder_version=\u00a0\u00bb3.0.64&Prime; parallax=\u00a0\u00bboff\u00a0\u00bb parallax_method=\u00a0\u00bbon\u00a0\u00bb][et_pb_image src=\u00a0\u00bbhttps:\/\/dkgaragedoor.com\/wp-content\/uploads\/2018\/01\/spring-1024&#215;575.jpg\u00a0\u00bb _builder_version=\u00a0\u00bb3.0.64&Prime;][\/et_pb_image][et_pb_text _builder_version=\u00a0\u00bb3.0.64&Prime;]<\/p>\n<div id=\"pgc-2744-1-3\" class=\"panel-grid-cell\">\n<div id=\"panel-2744-1-3-0\" class=\"so-panel widget widget_black-studio-tinymce widget_black_studio_tinymce panel-first-child panel-last-child\" data-index=\"7\">\n<div class=\"textwidget\">\n<h4><\/h4>\n<h3 style=\"text-align: center;\">Ressort de porte de garage<\/h3>\n<\/div>\n<\/div>\n<\/div>\n<p>[\/et_pb_text][\/et_pb_column][et_pb_column type=\u00a0\u00bb1_4&Prime; _builder_version=\u00a0\u00bb3.0.64&Prime; parallax=\u00a0\u00bboff\u00a0\u00bb parallax_method=\u00a0\u00bbon\u00a0\u00bb][et_pb_image src=\u00a0\u00bbhttps:\/\/dkgaragedoor.com\/wp-content\/uploads\/2018\/01\/cabel-1024&#215;575.jpg\u00a0\u00bb _builder_version=\u00a0\u00bb3.0.64&Prime;][\/et_pb_image][et_pb_text _builder_version=\u00a0\u00bb3.0.64&Prime;]<\/p>\n<h3 style=\"text-align: center;\">C\u00e2bles pour porte de garage<\/h3>\n<p>[\/et_pb_text][\/et_pb_column][\/et_pb_row][\/et_pb_section]<\/p>\n","protected":false},"excerpt":{"rendered":"<p>Pieces Detachees &#038; Accessoires &nbsp; La porte de garage est un m&eacute;canisme tr&egrave;s complexe qui n&eacute;cessite des pi&egrave;ces et des accessoires appropri&eacute;s pour qu&rsquo;il fonctionne correctement tout le temps. Il peut arriver que certaines pi&egrave;ces puissent se casser et vous devez agir imm&eacute;diatement d&egrave;s que le probl&egrave;me appara&icirc;t. Notre &eacute;quipe de support de portes de [&hellip;]<\/p>\n","protected":false},"author":3,"featured_media":0,"parent":0,"menu_order":0,"comment_status":"closed","ping_status":"closed","template":"","meta":{"_et_pb_use_builder":"on","_et_pb_old_content":"","_et_gb_content_width":"","_angie_page":false,"footnotes":""},"class_list":["post-281","page","type-page","status-publish","hentry"],"yoast_head":"<!-- This site is optimized with the Yoast SEO plugin v27.6 - https:\/\/yoast.com\/product\/yoast-seo-wordpress\/ -->\n<title>Pi\u00e8ces et accessoires de portes de garage Montr\u00e9al \u2013 DK Garage Door<\/title>\n<meta name=\"description\" content=\"Trouvez des pi\u00e8ces et accessoires de portes de garage : ressorts, roulettes, charni\u00e8res, coupe-froid et t\u00e9l\u00e9commandes. Ramassage ou installation \u00e0 Montr\u00e9al.\" \/>\n<meta name=\"robots\" content=\"index, follow, max-snippet:-1, max-image-preview:large, max-video-preview:-1\" \/>\n<link rel=\"canonical\" href=\"https:\/\/dkgaragedoor.com\/fr\/pieces-detachees-accessoires\/\" \/>\n<meta property=\"og:locale\" content=\"fr_FR\" \/>\n<meta property=\"og:type\" content=\"article\" \/>\n<meta property=\"og:title\" content=\"Pi\u00e8ces et accessoires de portes de garage Montr\u00e9al \u2013 DK Garage Door\" \/>\n<meta property=\"og:description\" content=\"Trouvez des pi\u00e8ces et accessoires de portes de garage : ressorts, roulettes, charni\u00e8res, coupe-froid et t\u00e9l\u00e9commandes. Ramassage ou installation \u00e0 Montr\u00e9al.\" \/>\n<meta property=\"og:url\" content=\"https:\/\/dkgaragedoor.com\/fr\/pieces-detachees-accessoires\/\" \/>\n<meta property=\"og:site_name\" content=\"DK Garage Doors | Portes de Garage\" \/>\n<meta property=\"article:modified_time\" content=\"2026-05-03T23:59:46+00:00\" \/>\n<meta name=\"twitter:card\" content=\"summary_large_image\" \/>\n<meta name=\"twitter:label1\" content=\"Dur\u00e9e de lecture estim\u00e9e\" \/>\n\t<meta name=\"twitter:data1\" content=\"3 minutes\" \/>\n<script type=\"application\/ld+json\" class=\"yoast-schema-graph\">{\"@context\":\"https:\\\/\\\/schema.org\",\"@graph\":[{\"@type\":\"WebPage\",\"@id\":\"https:\\\/\\\/dkgaragedoor.com\\\/fr\\\/pieces-detachees-accessoires\\\/\",\"url\":\"https:\\\/\\\/dkgaragedoor.com\\\/fr\\\/pieces-detachees-accessoires\\\/\",\"name\":\"Pi\u00e8ces et accessoires de portes de garage Montr\u00e9al \u2013 DK Garage Door\",\"isPartOf\":{\"@id\":\"https:\\\/\\\/dkgaragedoor.com\\\/fr\\\/#website\"},\"datePublished\":\"2018-01-29T23:31:14+00:00\",\"dateModified\":\"2026-05-03T23:59:46+00:00\",\"description\":\"Trouvez des pi\u00e8ces et accessoires de portes de garage : ressorts, roulettes, charni\u00e8res, coupe-froid et t\u00e9l\u00e9commandes. Ramassage ou installation \u00e0 Montr\u00e9al.\",\"breadcrumb\":{\"@id\":\"https:\\\/\\\/dkgaragedoor.com\\\/fr\\\/pieces-detachees-accessoires\\\/#breadcrumb\"},\"inLanguage\":\"fr-FR\",\"potentialAction\":[{\"@type\":\"ReadAction\",\"target\":[\"https:\\\/\\\/dkgaragedoor.com\\\/fr\\\/pieces-detachees-accessoires\\\/\"]}]},{\"@type\":\"BreadcrumbList\",\"@id\":\"https:\\\/\\\/dkgaragedoor.com\\\/fr\\\/pieces-detachees-accessoires\\\/#breadcrumb\",\"itemListElement\":[{\"@type\":\"ListItem\",\"position\":1,\"name\":\"Home\",\"item\":\"https:\\\/\\\/dkgaragedoor.com\\\/fr\\\/\"},{\"@type\":\"ListItem\",\"position\":2,\"name\":\"Pi\u00e8ces et accessoires de portes de garage\"}]},{\"@type\":\"WebSite\",\"@id\":\"https:\\\/\\\/dkgaragedoor.com\\\/fr\\\/#website\",\"url\":\"https:\\\/\\\/dkgaragedoor.com\\\/fr\\\/\",\"name\":\"DK Garage Doors | Portes de Garage\",\"description\":\"(514) 700-0282 | Garage Door Openers - Garage Repair Montreal\",\"potentialAction\":[{\"@type\":\"SearchAction\",\"target\":{\"@type\":\"EntryPoint\",\"urlTemplate\":\"https:\\\/\\\/dkgaragedoor.com\\\/fr\\\/?s={search_term_string}\"},\"query-input\":{\"@type\":\"PropertyValueSpecification\",\"valueRequired\":true,\"valueName\":\"search_term_string\"}}],\"inLanguage\":\"fr-FR\"}]}<\/script>\n<!-- \/ Yoast SEO plugin. -->","yoast_head_json":{"title":"Pi\u00e8ces et accessoires de portes de garage Montr\u00e9al \u2013 DK Garage Door","description":"Trouvez des pi\u00e8ces et accessoires de portes de garage : ressorts, roulettes, charni\u00e8res, coupe-froid et t\u00e9l\u00e9commandes. Ramassage ou installation \u00e0 Montr\u00e9al.","robots":{"index":"index","follow":"follow","max-snippet":"max-snippet:-1","max-image-preview":"max-image-preview:large","max-video-preview":"max-video-preview:-1"},"canonical":"https:\/\/dkgaragedoor.com\/fr\/pieces-detachees-accessoires\/","og_locale":"fr_FR","og_type":"article","og_title":"Pi\u00e8ces et accessoires de portes de garage Montr\u00e9al \u2013 DK Garage Door","og_description":"Trouvez des pi\u00e8ces et accessoires de portes de garage : ressorts, roulettes, charni\u00e8res, coupe-froid et t\u00e9l\u00e9commandes. Ramassage ou installation \u00e0 Montr\u00e9al.","og_url":"https:\/\/dkgaragedoor.com\/fr\/pieces-detachees-accessoires\/","og_site_name":"DK Garage Doors | Portes de Garage","article_modified_time":"2026-05-03T23:59:46+00:00","twitter_card":"summary_large_image","twitter_misc":{"Dur\u00e9e de lecture estim\u00e9e":"3 minutes"},"schema":{"@context":"https:\/\/schema.org","@graph":[{"@type":"WebPage","@id":"https:\/\/dkgaragedoor.com\/fr\/pieces-detachees-accessoires\/","url":"https:\/\/dkgaragedoor.com\/fr\/pieces-detachees-accessoires\/","name":"Pi\u00e8ces et accessoires de portes de garage Montr\u00e9al \u2013 DK Garage Door","isPartOf":{"@id":"https:\/\/dkgaragedoor.com\/fr\/#website"},"datePublished":"2018-01-29T23:31:14+00:00","dateModified":"2026-05-03T23:59:46+00:00","description":"Trouvez des pi\u00e8ces et accessoires de portes de garage : ressorts, roulettes, charni\u00e8res, coupe-froid et t\u00e9l\u00e9commandes. Ramassage ou installation \u00e0 Montr\u00e9al.","breadcrumb":{"@id":"https:\/\/dkgaragedoor.com\/fr\/pieces-detachees-accessoires\/#breadcrumb"},"inLanguage":"fr-FR","potentialAction":[{"@type":"ReadAction","target":["https:\/\/dkgaragedoor.com\/fr\/pieces-detachees-accessoires\/"]}]},{"@type":"BreadcrumbList","@id":"https:\/\/dkgaragedoor.com\/fr\/pieces-detachees-accessoires\/#breadcrumb","itemListElement":[{"@type":"ListItem","position":1,"name":"Home","item":"https:\/\/dkgaragedoor.com\/fr\/"},{"@type":"ListItem","position":2,"name":"Pi\u00e8ces et accessoires de portes de garage"}]},{"@type":"WebSite","@id":"https:\/\/dkgaragedoor.com\/fr\/#website","url":"https:\/\/dkgaragedoor.com\/fr\/","name":"DK Garage Doors | Portes de Garage","description":"(514) 700-0282 | Garage Door Openers - Garage Repair Montreal","potentialAction":[{"@type":"SearchAction","target":{"@type":"EntryPoint","urlTemplate":"https:\/\/dkgaragedoor.com\/fr\/?s={search_term_string}"},"query-input":{"@type":"PropertyValueSpecification","valueRequired":true,"valueName":"search_term_string"}}],"inLanguage":"fr-FR"}]}},"_links":{"self":[{"href":"https:\/\/dkgaragedoor.com\/fr\/wp-json\/wp\/v2\/pages\/281","targetHints":{"allow":["GET"]}}],"collection":[{"href":"https:\/\/dkgaragedoor.com\/fr\/wp-json\/wp\/v2\/pages"}],"about":[{"href":"https:\/\/dkgaragedoor.com\/fr\/wp-json\/wp\/v2\/types\/page"}],"author":[{"embeddable":true,"href":"https:\/\/dkgaragedoor.com\/fr\/wp-json\/wp\/v2\/users\/3"}],"replies":[{"embeddable":true,"href":"https:\/\/dkgaragedoor.com\/fr\/wp-json\/wp\/v2\/comments?post=281"}],"version-history":[{"count":9,"href":"https:\/\/dkgaragedoor.com\/fr\/wp-json\/wp\/v2\/pages\/281\/revisions"}],"predecessor-version":[{"id":1550,"href":"https:\/\/dkgaragedoor.com\/fr\/wp-json\/wp\/v2\/pages\/281\/revisions\/1550"}],"wp:attachment":[{"href":"https:\/\/dkgaragedoor.com\/fr\/wp-json\/wp\/v2\/media?parent=281"}],"curies":[{"name":"wp","href":"https:\/\/api.w.org\/{rel}","templated":true}]}}