{"id":275,"date":"2018-01-29T23:24:59","date_gmt":"2018-01-29T23:24:59","guid":{"rendered":"http:\/\/dkgaragedoor.com\/?page_id=275"},"modified":"2025-09-18T02:52:21","modified_gmt":"2025-09-18T06:52:21","slug":"a-propos-de-nous","status":"publish","type":"page","link":"https:\/\/dkgaragedoor.com\/fr\/a-propos-de-nous\/","title":{"rendered":"A Propos de Nous"},"content":{"rendered":"<p>[et_pb_section fb_built=\u00a0\u00bb1&Prime; custom_padding=\u00a0\u00bb53px|0px|0px|0px\u00a0\u00bb _builder_version=\u00a0\u00bb3.0.47&Prime;][et_pb_row custom_padding=\u00a0\u00bb30px|0px|0px|0px\u00a0\u00bb _builder_version=\u00a0\u00bb3.0.64&Prime; background_size=\u00a0\u00bbinitial\u00a0\u00bb background_position=\u00a0\u00bbtop_left\u00a0\u00bb background_repeat=\u00a0\u00bbrepeat\u00a0\u00bb][et_pb_column type=\u00a0\u00bb4_4&Prime; _builder_version=\u00a0\u00bb3.0.64&Prime; parallax=\u00a0\u00bboff\u00a0\u00bb parallax_method=\u00a0\u00bbon\u00a0\u00bb][et_pb_text text_orientation=\u00a0\u00bbcenter\u00a0\u00bb _builder_version=\u00a0\u00bb3.0.64&Prime; text_font_size=\u00a0\u00bb60px\u00a0\u00bb text_font_size_phone=\u00a0\u00bb40px\u00a0\u00bb text_font_size_last_edited=\u00a0\u00bbon|phone\u00a0\u00bb]<\/p>\n<p style=\"text-align: center;\">A Propos de Nous<\/p>\n<p>[\/et_pb_text][\/et_pb_column][\/et_pb_row][et_pb_row custom_padding=\u00a0\u00bb69px|0px|0px|0px\u00a0\u00bb _builder_version=\u00a0\u00bb3.0.64&Prime;][et_pb_column type=\u00a0\u00bb1_2&Prime; _builder_version=\u00a0\u00bb3.0.64&Prime; parallax=\u00a0\u00bboff\u00a0\u00bb parallax_method=\u00a0\u00bbon\u00a0\u00bb][et_pb_image src=\u00a0\u00bbhttps:\/\/dkgaragedoor.com\/wp-content\/uploads\/2018\/01\/Untitled-3-5.jpg\u00a0\u00bb _builder_version=\u00a0\u00bb3.0.64&Prime;][\/et_pb_image][\/et_pb_column][et_pb_column type=\u00a0\u00bb1_2&Prime; _builder_version=\u00a0\u00bb3.0.64&Prime; parallax=\u00a0\u00bboff\u00a0\u00bb parallax_method=\u00a0\u00bbon\u00a0\u00bb][et_pb_text _builder_version=\u00a0\u00bb3.0.64&Prime; text_font_size=\u00a0\u00bb19px\u00a0\u00bb]<\/p>\n<div id=\"pg-171-0\" class=\"panel-grid panel-no-style\">\n<div id=\"pgc-171-0-0\" class=\"panel-grid-cell\">\n<div id=\"panel-171-0-0-0\" class=\"so-panel widget widget_black-studio-tinymce widget_black_studio_tinymce panel-first-child panel-last-child\" data-index=\"0\">\n<div class=\"textwidget\">\n<div id=\"pg-2861-0\" class=\"panel-grid panel-no-style\">\n<div id=\"pgc-2861-0-0\" class=\"panel-grid-cell\">\n<div id=\"panel-2861-0-0-0\" class=\"so-panel widget widget_black-studio-tinymce widget_black_studio_tinymce panel-first-child panel-last-child\" data-index=\"0\">\n<div class=\"textwidget\">\n<h3><span style=\"color: #e02b20;\"><strong>La porte de garage DK est le meilleur choix pour votre nouvelle porte de garage &agrave; Montr&eacute;al<\/strong><\/span><\/h3>\n<p>&nbsp;<span style=\"font-size: 19px;\">Notre exp&eacute;rience et nos comp&eacute;tences font de nous le meilleur fournisseur de portes de garage &agrave; Montr&eacute;al, et nous veillerons &agrave; offrir le meilleur service possible. Notre objectif principal est de vous aider &agrave; choisir la bonne porte de garage et le bon ouvre-porte de garage, de sorte qu&rsquo;il s&rsquo;agence au style de votre maison et prot&egrave;ge votre maison de Montr&eacute;al. Il reste just de nous appeler!<\/span><\/p>\n<p>.<\/p>\n<\/div>\n<\/div>\n<\/div>\n<\/div>\n<h4><span style=\"color: #e02b20;\"><strong>&Ecirc;tes-vous pr&ecirc;t &agrave; installer une nouvelle porte de garage?<\/strong><\/span><\/h4>\n<p>Notre inventaire de portes de garage a non seulement les derniers mod&egrave;les, mais aussi les mat&eacute;riaux les plus avanc&eacute;s. Nous battons n&rsquo;importe quel autre fournisseur dans toute la r&eacute;gion de Montr&eacute;al.<\/p>\n<\/div>\n<\/div>\n<\/div>\n<\/div>\n<p>[\/et_pb_text][\/et_pb_column][\/et_pb_row][et_pb_row custom_padding=\u00a0\u00bb0px|0px|26px|0px\u00a0\u00bb _builder_version=\u00a0\u00bb3.0.64&Prime;][et_pb_column type=\u00a0\u00bb1_2&Prime; _builder_version=\u00a0\u00bb3.0.64&Prime; parallax=\u00a0\u00bboff\u00a0\u00bb parallax_method=\u00a0\u00bbon\u00a0\u00bb][et_pb_text _builder_version=\u00a0\u00bb3.0.64&Prime; text_font_size=\u00a0\u00bb19px\u00a0\u00bb]<\/p>\n<div id=\"pg-171-0\" class=\"panel-grid panel-no-style\">\n<div id=\"pgc-171-0-0\" class=\"panel-grid-cell\">\n<div id=\"panel-171-0-0-0\" class=\"so-panel widget widget_black-studio-tinymce widget_black_studio_tinymce panel-first-child panel-last-child\" data-index=\"0\">\n<div class=\"textwidget\">\n<h4><\/h4>\n<p>&nbsp;<\/p>\n<p>Les membres de l&rsquo;&eacute;quipe de notre entreprise savent exactement quel type de porte de garage conviendrait &agrave; votre maison et vous aideront &agrave; choisir tout l&rsquo;&eacute;quipement n&eacute;cessaire. Votre porte de garage joue un r&ocirc;le &eacute;norme dans l&rsquo;apparence de votre maison et offre non seulement une image propre et luxueuse, mais aussi la s&eacute;curit&eacute; et la grande valeur.<\/p>\n<p>Obtenez un devis ou contactez-nous pour en savoir plus d&rsquo;informations &agrave; compter d&rsquo;aujourd&rsquo;hui, nous sommes l&agrave; pour vous aider.<\/p>\n<p><\/p>\n<p>&nbsp;<\/p>\n<p>&nbsp;<\/p>\n<\/div>\n<\/div>\n<\/div>\n<\/div>\n<p>[\/et_pb_text][\/et_pb_column][et_pb_column type=\u00a0\u00bb1_2&Prime; _builder_version=\u00a0\u00bb3.0.64&Prime; parallax=\u00a0\u00bboff\u00a0\u00bb parallax_method=\u00a0\u00bbon\u00a0\u00bb][et_pb_image src=\u00a0\u00bbhttps:\/\/dkgaragedoor.com\/wp-content\/uploads\/2018\/02\/blah.jpg\u00a0\u00bb _builder_version=\u00a0\u00bb3.0.64&Prime; custom_margin=\u00a0\u00bb30px|||\u00a0\u00bb][\/et_pb_image][\/et_pb_column][\/et_pb_row][\/et_pb_section]<\/p>\n","protected":false},"excerpt":{"rendered":"<p>A Propos de Nous La porte de garage DK est le meilleur choix pour votre nouvelle porte de garage &agrave; Montr&eacute;al &nbsp;Notre exp&eacute;rience et nos comp&eacute;tences font de nous le meilleur fournisseur de portes de garage &agrave; Montr&eacute;al, et nous veillerons &agrave; offrir le meilleur service possible. Notre objectif principal est de vous aider &agrave; [&hellip;]<\/p>\n","protected":false},"author":3,"featured_media":0,"parent":0,"menu_order":0,"comment_status":"closed","ping_status":"closed","template":"","meta":{"_et_pb_use_builder":"on","_et_pb_old_content":"","_et_gb_content_width":"","footnotes":""},"class_list":["post-275","page","type-page","status-publish","hentry"],"yoast_head":"<!-- This site is optimized with the Yoast SEO plugin v27.5 - https:\/\/yoast.com\/product\/yoast-seo-wordpress\/ -->\n<title>\u00c0 Propos de DK Garage Doors Montr\u00e9al | Qui Nous Sommes<\/title>\n<meta name=\"description\" content=\"D\u00e9couvrez notre \u00e9quipe et nos services de portes de garage dans le Grand Montr\u00e9al. Des techniciens exp\u00e9riment\u00e9s \u00e0 votre service.\" \/>\n<meta name=\"robots\" content=\"index, follow, max-snippet:-1, max-image-preview:large, max-video-preview:-1\" \/>\n<link rel=\"canonical\" href=\"https:\/\/dkgaragedoor.com\/fr\/a-propos-de-nous\/\" \/>\n<meta property=\"og:locale\" content=\"fr_FR\" \/>\n<meta property=\"og:type\" content=\"article\" \/>\n<meta property=\"og:title\" content=\"\u00c0 Propos de DK Garage Doors Montr\u00e9al | Qui Nous Sommes\" \/>\n<meta property=\"og:description\" content=\"D\u00e9couvrez notre \u00e9quipe et nos services de portes de garage dans le Grand Montr\u00e9al. Des techniciens exp\u00e9riment\u00e9s \u00e0 votre service.\" \/>\n<meta property=\"og:url\" content=\"https:\/\/dkgaragedoor.com\/fr\/a-propos-de-nous\/\" \/>\n<meta property=\"og:site_name\" content=\"DK Garage Doors | Portes de Garage\" \/>\n<meta property=\"article:modified_time\" content=\"2025-09-18T06:52:21+00:00\" \/>\n<meta name=\"twitter:card\" content=\"summary_large_image\" \/>\n<meta name=\"twitter:label1\" content=\"Dur\u00e9e de lecture estim\u00e9e\" \/>\n\t<meta name=\"twitter:data1\" content=\"2 minutes\" \/>\n<script type=\"application\/ld+json\" class=\"yoast-schema-graph\">{\"@context\":\"https:\\\/\\\/schema.org\",\"@graph\":[{\"@type\":\"WebPage\",\"@id\":\"https:\\\/\\\/dkgaragedoor.com\\\/fr\\\/a-propos-de-nous\\\/\",\"url\":\"https:\\\/\\\/dkgaragedoor.com\\\/fr\\\/a-propos-de-nous\\\/\",\"name\":\"\u00c0 Propos de DK Garage Doors Montr\u00e9al | Qui Nous Sommes\",\"isPartOf\":{\"@id\":\"https:\\\/\\\/dkgaragedoor.com\\\/fr\\\/#website\"},\"datePublished\":\"2018-01-29T23:24:59+00:00\",\"dateModified\":\"2025-09-18T06:52:21+00:00\",\"description\":\"D\u00e9couvrez notre \u00e9quipe et nos services de portes de garage dans le Grand Montr\u00e9al. Des techniciens exp\u00e9riment\u00e9s \u00e0 votre service.\",\"breadcrumb\":{\"@id\":\"https:\\\/\\\/dkgaragedoor.com\\\/fr\\\/a-propos-de-nous\\\/#breadcrumb\"},\"inLanguage\":\"fr-FR\",\"potentialAction\":[{\"@type\":\"ReadAction\",\"target\":[\"https:\\\/\\\/dkgaragedoor.com\\\/fr\\\/a-propos-de-nous\\\/\"]}]},{\"@type\":\"BreadcrumbList\",\"@id\":\"https:\\\/\\\/dkgaragedoor.com\\\/fr\\\/a-propos-de-nous\\\/#breadcrumb\",\"itemListElement\":[{\"@type\":\"ListItem\",\"position\":1,\"name\":\"Home\",\"item\":\"https:\\\/\\\/dkgaragedoor.com\\\/fr\\\/\"},{\"@type\":\"ListItem\",\"position\":2,\"name\":\"A Propos de Nous\"}]},{\"@type\":\"WebSite\",\"@id\":\"https:\\\/\\\/dkgaragedoor.com\\\/fr\\\/#website\",\"url\":\"https:\\\/\\\/dkgaragedoor.com\\\/fr\\\/\",\"name\":\"DK Garage Doors | Portes de Garage\",\"description\":\"(514) 700-0282 | Garage Door Openers - Garage Repair Montreal\",\"potentialAction\":[{\"@type\":\"SearchAction\",\"target\":{\"@type\":\"EntryPoint\",\"urlTemplate\":\"https:\\\/\\\/dkgaragedoor.com\\\/fr\\\/?s={search_term_string}\"},\"query-input\":{\"@type\":\"PropertyValueSpecification\",\"valueRequired\":true,\"valueName\":\"search_term_string\"}}],\"inLanguage\":\"fr-FR\"}]}<\/script>\n<!-- \/ Yoast SEO plugin. -->","yoast_head_json":{"title":"\u00c0 Propos de DK Garage Doors Montr\u00e9al | Qui Nous Sommes","description":"D\u00e9couvrez notre \u00e9quipe et nos services de portes de garage dans le Grand Montr\u00e9al. Des techniciens exp\u00e9riment\u00e9s \u00e0 votre service.","robots":{"index":"index","follow":"follow","max-snippet":"max-snippet:-1","max-image-preview":"max-image-preview:large","max-video-preview":"max-video-preview:-1"},"canonical":"https:\/\/dkgaragedoor.com\/fr\/a-propos-de-nous\/","og_locale":"fr_FR","og_type":"article","og_title":"\u00c0 Propos de DK Garage Doors Montr\u00e9al | Qui Nous Sommes","og_description":"D\u00e9couvrez notre \u00e9quipe et nos services de portes de garage dans le Grand Montr\u00e9al. Des techniciens exp\u00e9riment\u00e9s \u00e0 votre service.","og_url":"https:\/\/dkgaragedoor.com\/fr\/a-propos-de-nous\/","og_site_name":"DK Garage Doors | Portes de Garage","article_modified_time":"2025-09-18T06:52:21+00:00","twitter_card":"summary_large_image","twitter_misc":{"Dur\u00e9e de lecture estim\u00e9e":"2 minutes"},"schema":{"@context":"https:\/\/schema.org","@graph":[{"@type":"WebPage","@id":"https:\/\/dkgaragedoor.com\/fr\/a-propos-de-nous\/","url":"https:\/\/dkgaragedoor.com\/fr\/a-propos-de-nous\/","name":"\u00c0 Propos de DK Garage Doors Montr\u00e9al | Qui Nous Sommes","isPartOf":{"@id":"https:\/\/dkgaragedoor.com\/fr\/#website"},"datePublished":"2018-01-29T23:24:59+00:00","dateModified":"2025-09-18T06:52:21+00:00","description":"D\u00e9couvrez notre \u00e9quipe et nos services de portes de garage dans le Grand Montr\u00e9al. Des techniciens exp\u00e9riment\u00e9s \u00e0 votre service.","breadcrumb":{"@id":"https:\/\/dkgaragedoor.com\/fr\/a-propos-de-nous\/#breadcrumb"},"inLanguage":"fr-FR","potentialAction":[{"@type":"ReadAction","target":["https:\/\/dkgaragedoor.com\/fr\/a-propos-de-nous\/"]}]},{"@type":"BreadcrumbList","@id":"https:\/\/dkgaragedoor.com\/fr\/a-propos-de-nous\/#breadcrumb","itemListElement":[{"@type":"ListItem","position":1,"name":"Home","item":"https:\/\/dkgaragedoor.com\/fr\/"},{"@type":"ListItem","position":2,"name":"A Propos de Nous"}]},{"@type":"WebSite","@id":"https:\/\/dkgaragedoor.com\/fr\/#website","url":"https:\/\/dkgaragedoor.com\/fr\/","name":"DK Garage Doors | Portes de Garage","description":"(514) 700-0282 | Garage Door Openers - Garage Repair Montreal","potentialAction":[{"@type":"SearchAction","target":{"@type":"EntryPoint","urlTemplate":"https:\/\/dkgaragedoor.com\/fr\/?s={search_term_string}"},"query-input":{"@type":"PropertyValueSpecification","valueRequired":true,"valueName":"search_term_string"}}],"inLanguage":"fr-FR"}]}},"_links":{"self":[{"href":"https:\/\/dkgaragedoor.com\/fr\/wp-json\/wp\/v2\/pages\/275","targetHints":{"allow":["GET"]}}],"collection":[{"href":"https:\/\/dkgaragedoor.com\/fr\/wp-json\/wp\/v2\/pages"}],"about":[{"href":"https:\/\/dkgaragedoor.com\/fr\/wp-json\/wp\/v2\/types\/page"}],"author":[{"embeddable":true,"href":"https:\/\/dkgaragedoor.com\/fr\/wp-json\/wp\/v2\/users\/3"}],"replies":[{"embeddable":true,"href":"https:\/\/dkgaragedoor.com\/fr\/wp-json\/wp\/v2\/comments?post=275"}],"version-history":[{"count":8,"href":"https:\/\/dkgaragedoor.com\/fr\/wp-json\/wp\/v2\/pages\/275\/revisions"}],"predecessor-version":[{"id":1307,"href":"https:\/\/dkgaragedoor.com\/fr\/wp-json\/wp\/v2\/pages\/275\/revisions\/1307"}],"wp:attachment":[{"href":"https:\/\/dkgaragedoor.com\/fr\/wp-json\/wp\/v2\/media?parent=275"}],"curies":[{"name":"wp","href":"https:\/\/api.w.org\/{rel}","templated":true}]}}