{"id":1122,"date":"2025-06-10T08:13:08","date_gmt":"2025-06-10T12:13:08","guid":{"rendered":"https:\/\/dkgaragedoor.com\/?page_id=1122"},"modified":"2025-06-10T08:53:01","modified_gmt":"2025-06-10T12:53:01","slug":"reservez-en-ligne","status":"publish","type":"page","link":"https:\/\/dkgaragedoor.com\/fr\/reservez-en-ligne\/","title":{"rendered":"R\u00e9servez en ligne"},"content":{"rendered":"\n[et_pb_section fb_built=\u00a0\u00bb1&Prime; _builder_version=\u00a0\u00bb4.16&Prime; global_colors_info=\u00a0\u00bb{}\u00a0\u00bb theme_builder_area=\u00a0\u00bbpost_content\u00a0\u00bb][et_pb_row _builder_version=\u00a0\u00bb4.16&Prime; background_size=\u00a0\u00bbinitial\u00a0\u00bb background_position=\u00a0\u00bbtop_left\u00a0\u00bb background_repeat=\u00a0\u00bbrepeat\u00a0\u00bb global_colors_info=\u00a0\u00bb{}\u00a0\u00bb theme_builder_area=\u00a0\u00bbpost_content\u00a0\u00bb][et_pb_column type=\u00a0\u00bb4_4&Prime; _builder_version=\u00a0\u00bb4.16&Prime; custom_padding=\u00a0\u00bb|||\u00a0\u00bb global_colors_info=\u00a0\u00bb{}\u00a0\u00bb custom_padding__hover=\u00a0\u00bb|||\u00a0\u00bb theme_builder_area=\u00a0\u00bbpost_content\u00a0\u00bb][et_pb_text _builder_version=\u00a0\u00bb4.27.4&Prime; text_font_size=\u00a0\u00bb60px\u00a0\u00bb text_orientation=\u00a0\u00bbcenter\u00a0\u00bb module_alignment=\u00a0\u00bbcenter\u00a0\u00bb hover_enabled=\u00a0\u00bb0&Prime; text_font_size_tablet=\u00a0\u00bb\u00a0\u00bb text_font_size_phone=\u00a0\u00bb41px\u00a0\u00bb text_font_size_last_edited=\u00a0\u00bbon|phone\u00a0\u00bb global_colors_info=\u00a0\u00bb{}\u00a0\u00bb theme_builder_area=\u00a0\u00bbpost_content\u00a0\u00bb sticky_enabled=\u00a0\u00bb0&Prime;]R\u00e9servez en ligne[\/et_pb_text][\/et_pb_column][\/et_pb_row][et_pb_row _builder_version=\u00a0\u00bb4.27.4&Prime; _module_preset=\u00a0\u00bbdefault\u00a0\u00bb theme_builder_area=\u00a0\u00bbpost_content\u00a0\u00bb][et_pb_column _builder_version=\u00a0\u00bb4.27.4&Prime; _module_preset=\u00a0\u00bbdefault\u00a0\u00bb type=\u00a0\u00bb4_4&Prime; theme_builder_area=\u00a0\u00bbpost_content\u00a0\u00bb][et_pb_text _builder_version=\u00a0\u00bb4.27.4&Prime; _module_preset=\u00a0\u00bbdefault\u00a0\u00bb theme_builder_area=\u00a0\u00bbpost_content\u00a0\u00bb hover_enabled=\u00a0\u00bb0&Prime; sticky_enabled=\u00a0\u00bb0&Prime;]<p style=\"font-size: 18px !important; text-align: center; margin-bottom: 20px;\">Tous les appels de service sont <strong>gratuits<\/strong> et un devis sera fourni sur place.<\/p>\n<p style=\"font-size: 18px !important; text-align: center; margin-bottom: 20px;\"><strong>Pour confirmer votre rendez-vous, veuillez r\u00e9pondre \u00e0 l&rsquo;appel de notre agent de r\u00e9partition <span style=\"text-decoration: underline;\">30 minutes avant l&rsquo;heure pr\u00e9vue. <\/span><\/strong><\/p>\n<p style=\"font-size: 18px !important; text-align: center; margin-bottom: 20px;\"><strong>Vous devez \u00e9galement <span style=\"text-decoration: underline;\">confirmer le rendez-vous par t\u00e9l\u00e9phone apr\u00e8s avoir soumis votre demande<\/span>.<\/strong><\/p>\n&nbsp;\n\n<iframe loading=\"lazy\" style=\"max-width: 100%; magin: 0 auto; border: 1px solid #ccc;\" src=\"https:\/\/online-booking.workiz.com\/?ac=7afe8487837ff84b527655e9406feacbbc4516d6e9e7a096d222698af8c80186\" width=\"100%\" height=\"700px\"><\/iframe>[\/et_pb_text][\/et_pb_column][\/et_pb_row][\/et_pb_section]\n","protected":false},"excerpt":{"rendered":"<p>R\u00e9servez en ligneTous les appels de service sont gratuits et un devis sera fourni sur place. Pour confirmer votre rendez-vous, veuillez r\u00e9pondre \u00e0 l&rsquo;appel de notre agent de r\u00e9partition 30 minutes avant l&rsquo;heure pr\u00e9vue. Vous devez \u00e9galement confirmer le rendez-vous par t\u00e9l\u00e9phone apr\u00e8s avoir soumis votre demande. &nbsp;<\/p>\n","protected":false},"author":3,"featured_media":0,"parent":0,"menu_order":0,"comment_status":"closed","ping_status":"closed","template":"","meta":{"_et_pb_use_builder":"on","_et_pb_old_content":"","_et_gb_content_width":"","_angie_page":false,"footnotes":""},"class_list":["post-1122","page","type-page","status-publish","hentry"],"yoast_head":"<!-- This site is optimized with the Yoast SEO plugin v27.6 - https:\/\/yoast.com\/product\/yoast-seo-wordpress\/ -->\n<title>R\u00e9servation en ligne de r\u00e9paration porte de garage<\/title>\n<meta name=\"description\" content=\"Planifiez la r\u00e9paration ou l\u2019installation de votre porte de garage en ligne en quelques minutes. Service rapide, techniciens experts et soutien bilingue dans le Grand Montr\u00e9al\" \/>\n<meta name=\"robots\" content=\"index, follow, max-snippet:-1, max-image-preview:large, max-video-preview:-1\" \/>\n<link rel=\"canonical\" href=\"https:\/\/dkgaragedoor.com\/fr\/reservez-en-ligne\/\" \/>\n<meta property=\"og:locale\" content=\"fr_FR\" \/>\n<meta property=\"og:type\" content=\"article\" \/>\n<meta property=\"og:title\" content=\"R\u00e9servation en ligne de r\u00e9paration porte de garage\" \/>\n<meta property=\"og:description\" content=\"Planifiez la r\u00e9paration ou l\u2019installation de votre porte de garage en ligne en quelques minutes. Service rapide, techniciens experts et soutien bilingue dans le Grand Montr\u00e9al\" \/>\n<meta property=\"og:url\" content=\"https:\/\/dkgaragedoor.com\/fr\/reservez-en-ligne\/\" \/>\n<meta property=\"og:site_name\" content=\"DK Garage Doors | Portes de Garage\" \/>\n<meta property=\"article:modified_time\" content=\"2025-06-10T12:53:01+00:00\" \/>\n<meta name=\"twitter:card\" content=\"summary_large_image\" \/>\n<meta name=\"twitter:label1\" content=\"Dur\u00e9e de lecture estim\u00e9e\" \/>\n\t<meta name=\"twitter:data1\" content=\"1 minute\" \/>\n<script type=\"application\/ld+json\" class=\"yoast-schema-graph\">{\"@context\":\"https:\\\/\\\/schema.org\",\"@graph\":[{\"@type\":\"WebPage\",\"@id\":\"https:\\\/\\\/dkgaragedoor.com\\\/fr\\\/reservez-en-ligne\\\/\",\"url\":\"https:\\\/\\\/dkgaragedoor.com\\\/fr\\\/reservez-en-ligne\\\/\",\"name\":\"R\u00e9servation en ligne de r\u00e9paration porte de garage\",\"isPartOf\":{\"@id\":\"https:\\\/\\\/dkgaragedoor.com\\\/fr\\\/#website\"},\"datePublished\":\"2025-06-10T12:13:08+00:00\",\"dateModified\":\"2025-06-10T12:53:01+00:00\",\"description\":\"Planifiez la r\u00e9paration ou l\u2019installation de votre porte de garage en ligne en quelques minutes. Service rapide, techniciens experts et soutien bilingue dans le Grand Montr\u00e9al\",\"breadcrumb\":{\"@id\":\"https:\\\/\\\/dkgaragedoor.com\\\/fr\\\/reservez-en-ligne\\\/#breadcrumb\"},\"inLanguage\":\"fr-FR\",\"potentialAction\":[{\"@type\":\"ReadAction\",\"target\":[\"https:\\\/\\\/dkgaragedoor.com\\\/fr\\\/reservez-en-ligne\\\/\"]}]},{\"@type\":\"BreadcrumbList\",\"@id\":\"https:\\\/\\\/dkgaragedoor.com\\\/fr\\\/reservez-en-ligne\\\/#breadcrumb\",\"itemListElement\":[{\"@type\":\"ListItem\",\"position\":1,\"name\":\"Home\",\"item\":\"https:\\\/\\\/dkgaragedoor.com\\\/fr\\\/\"},{\"@type\":\"ListItem\",\"position\":2,\"name\":\"R\u00e9servez en ligne\"}]},{\"@type\":\"WebSite\",\"@id\":\"https:\\\/\\\/dkgaragedoor.com\\\/fr\\\/#website\",\"url\":\"https:\\\/\\\/dkgaragedoor.com\\\/fr\\\/\",\"name\":\"DK Garage Doors | Portes de Garage\",\"description\":\"(514) 700-0282 | Garage Door Openers - Garage Repair Montreal\",\"potentialAction\":[{\"@type\":\"SearchAction\",\"target\":{\"@type\":\"EntryPoint\",\"urlTemplate\":\"https:\\\/\\\/dkgaragedoor.com\\\/fr\\\/?s={search_term_string}\"},\"query-input\":{\"@type\":\"PropertyValueSpecification\",\"valueRequired\":true,\"valueName\":\"search_term_string\"}}],\"inLanguage\":\"fr-FR\"}]}<\/script>\n<!-- \/ Yoast SEO plugin. -->","yoast_head_json":{"title":"R\u00e9servation en ligne de r\u00e9paration porte de garage","description":"Planifiez la r\u00e9paration ou l\u2019installation de votre porte de garage en ligne en quelques minutes. Service rapide, techniciens experts et soutien bilingue dans le Grand Montr\u00e9al","robots":{"index":"index","follow":"follow","max-snippet":"max-snippet:-1","max-image-preview":"max-image-preview:large","max-video-preview":"max-video-preview:-1"},"canonical":"https:\/\/dkgaragedoor.com\/fr\/reservez-en-ligne\/","og_locale":"fr_FR","og_type":"article","og_title":"R\u00e9servation en ligne de r\u00e9paration porte de garage","og_description":"Planifiez la r\u00e9paration ou l\u2019installation de votre porte de garage en ligne en quelques minutes. Service rapide, techniciens experts et soutien bilingue dans le Grand Montr\u00e9al","og_url":"https:\/\/dkgaragedoor.com\/fr\/reservez-en-ligne\/","og_site_name":"DK Garage Doors | Portes de Garage","article_modified_time":"2025-06-10T12:53:01+00:00","twitter_card":"summary_large_image","twitter_misc":{"Dur\u00e9e de lecture estim\u00e9e":"1 minute"},"schema":{"@context":"https:\/\/schema.org","@graph":[{"@type":"WebPage","@id":"https:\/\/dkgaragedoor.com\/fr\/reservez-en-ligne\/","url":"https:\/\/dkgaragedoor.com\/fr\/reservez-en-ligne\/","name":"R\u00e9servation en ligne de r\u00e9paration porte de garage","isPartOf":{"@id":"https:\/\/dkgaragedoor.com\/fr\/#website"},"datePublished":"2025-06-10T12:13:08+00:00","dateModified":"2025-06-10T12:53:01+00:00","description":"Planifiez la r\u00e9paration ou l\u2019installation de votre porte de garage en ligne en quelques minutes. Service rapide, techniciens experts et soutien bilingue dans le Grand Montr\u00e9al","breadcrumb":{"@id":"https:\/\/dkgaragedoor.com\/fr\/reservez-en-ligne\/#breadcrumb"},"inLanguage":"fr-FR","potentialAction":[{"@type":"ReadAction","target":["https:\/\/dkgaragedoor.com\/fr\/reservez-en-ligne\/"]}]},{"@type":"BreadcrumbList","@id":"https:\/\/dkgaragedoor.com\/fr\/reservez-en-ligne\/#breadcrumb","itemListElement":[{"@type":"ListItem","position":1,"name":"Home","item":"https:\/\/dkgaragedoor.com\/fr\/"},{"@type":"ListItem","position":2,"name":"R\u00e9servez en ligne"}]},{"@type":"WebSite","@id":"https:\/\/dkgaragedoor.com\/fr\/#website","url":"https:\/\/dkgaragedoor.com\/fr\/","name":"DK Garage Doors | Portes de Garage","description":"(514) 700-0282 | Garage Door Openers - Garage Repair Montreal","potentialAction":[{"@type":"SearchAction","target":{"@type":"EntryPoint","urlTemplate":"https:\/\/dkgaragedoor.com\/fr\/?s={search_term_string}"},"query-input":{"@type":"PropertyValueSpecification","valueRequired":true,"valueName":"search_term_string"}}],"inLanguage":"fr-FR"}]}},"_links":{"self":[{"href":"https:\/\/dkgaragedoor.com\/fr\/wp-json\/wp\/v2\/pages\/1122","targetHints":{"allow":["GET"]}}],"collection":[{"href":"https:\/\/dkgaragedoor.com\/fr\/wp-json\/wp\/v2\/pages"}],"about":[{"href":"https:\/\/dkgaragedoor.com\/fr\/wp-json\/wp\/v2\/types\/page"}],"author":[{"embeddable":true,"href":"https:\/\/dkgaragedoor.com\/fr\/wp-json\/wp\/v2\/users\/3"}],"replies":[{"embeddable":true,"href":"https:\/\/dkgaragedoor.com\/fr\/wp-json\/wp\/v2\/comments?post=1122"}],"version-history":[{"count":3,"href":"https:\/\/dkgaragedoor.com\/fr\/wp-json\/wp\/v2\/pages\/1122\/revisions"}],"predecessor-version":[{"id":1142,"href":"https:\/\/dkgaragedoor.com\/fr\/wp-json\/wp\/v2\/pages\/1122\/revisions\/1142"}],"wp:attachment":[{"href":"https:\/\/dkgaragedoor.com\/fr\/wp-json\/wp\/v2\/media?parent=1122"}],"curies":[{"name":"wp","href":"https:\/\/api.w.org\/{rel}","templated":true}]}}